{"id":81,"date":"2018-03-19T18:57:39","date_gmt":"2018-03-19T18:57:39","guid":{"rendered":"http:\/\/www.onno.ca\/blog\/?page_id=81"},"modified":"2026-02-24T22:08:04","modified_gmt":"2026-02-25T03:08:04","slug":"adhesion","status":"publish","type":"page","link":"https:\/\/www.onno.ca\/wp\/fr\/adhesion\/","title":{"rendered":"Adh\u00e9sion"},"content":{"rendered":"\n<h1 class=\"wp-block-heading\">Adh\u00e9sion \u00e0 ON\/NO<\/h1>\n\n\n\n<h2 class=\"wp-block-heading\">Les avantages de l&#8217;adh\u00e9sion<\/h2>\n\n\n\n<p>L&#8217;adh\u00e9sion \u00e0 l&#8217;ON\/NO vous donne le droit :<\/p>\n\n\n\n<ul class=\"wp-block-list\">\n<li>d&#8217;assister aux activit\u00e9s naturistes d&#8217;ON\/NO,<\/li>\n\n\n\n<li>de recevoir un bulletin trimestriel, des annonces r\u00e9guli\u00e8res d&#8217;\u00e9v\u00e9nements et d&#8217;autres informations susceptibles d&#8217;int\u00e9resser les naturistes,<\/li>\n\n\n\n<li>de rejoindre des groupes priv\u00e9s sur Facebook et WhatsApp, et<\/li>\n\n\n\n<li>de voter aux assembl\u00e9es des membres.<\/li>\n<\/ul>\n\n\n\n<p><span id=\"result_box\" class=\"\" lang=\"fr\" tabindex=\"-1\"><span class=\"\">Votre carte de membre, en plus de donner acc\u00e8s aux \u00e9v\u00e9nements d&#8217;ON\/NO, constitue \u00e9galement une bonne introduction aux autres clubs et centres de vill\u00e9giature naturistes, et vous donne m\u00eame droit \u00e0 des rabais d&#8217;un certain nombre d&#8217;autres clubs et centres de vill\u00e9giature.<\/span><\/span><span id=\"result_box\" class=\"\" lang=\"fr\" tabindex=\"-1\"><\/span><\/p>\n\n\n\n<p>En plus des baignades qui ont lieu environ toutes les deux semaines de septembre \u00e0 mai, les \u00e9v\u00e9nements \u00e0 nu qui \u00e9taient organis\u00e9s par ON\/NO ont inclu:<\/p>\n\n\n\n<ul class=\"wp-block-list\">\n<li>yoga<\/li>\n\n\n\n<li>des sports comme le basket-ball, le volley-ball et le pickleball<\/li>\n\n\n\n<li>les quilles et le mini-putt<\/li>\n\n\n\n<li>les soupers et les \u00e9v\u00e9nements repas-partage<\/li>\n\n\n\n<li>les journ\u00e9es des arts et m\u00e9tiers<\/li>\n\n\n\n<li>les soir\u00e9es de jeux de soci\u00e9t\u00e9<\/li>\n\n\n\n<li>les soir\u00e9es de casino<\/li>\n\n\n\n<li>les soir\u00e9es de meurtres myst\u00e8res<\/li>\n\n\n\n<li>les ateliers de massage<\/li>\n\n\n\n<li>les ateliers de dessin de mod\u00e8les vivants<\/li>\n\n\n\n<li>en \u00e9t\u00e9, les excursions d&#8217;une journ\u00e9e et les visites d&#8217;une nuit \u00e0 des parcs naturistes locaux<\/li>\n<\/ul>\n\n\n\n<p>L&#8217;adh\u00e9sion ne co\u00fbte que 30 $ par an pour une personne ou 40 $ par an pour un couple et inclut les enfants de moins de 18 ans pour lesquels le membre est un parent ou un tuteur l\u00e9gal ou une tutrice l\u00e9gale. Les personnes \u00e2g\u00e9es de moins de dix-huit ans dont les parents ou tuteurs ou tutrices l\u00e9gaux ne sont pas membres d&#8217;ON\/NO ne peuvent devenir membres qu&#8217;avec le consentement \u00e9crit expr\u00e8s de leurs parents ou tuteurs ou tutrices l\u00e9gaux.<\/p>\n\n\n\n<p>L&#8217;entr\u00e9e aux baignades d`ON\/NO et \u00e0 d&#8217;autres \u00e9v\u00e9nements peut entra\u00eener des frais suppl\u00e9mentaires, les frais d&#8217;entr\u00e9es \u00e9tant fix\u00e9s pour r\u00e9cup\u00e9rer le co\u00fbt de l&#8217;organisation de l&#8217;\u00e9v\u00e9nement. Les assembl\u00e9es g\u00e9n\u00e9rales des membres, tenues \u00e0 l&#8217;aide de l&#8217;application Zoom Workplace, sont gratuites, non ouvertes au public et la tenue vestimentaire est facultative.<\/p>\n\n\n\n<p>ON\/NO ne s&#8217;oppose pas \u00e0 l&#8217;adh\u00e9sion des hommes seuls. N\u00e9anmoins, lorsque le rapport du nombre d&#8217;hommes par rapport au nombre de femmes exc\u00e8de 2 pour 1, ON\/NO se r\u00e9serve le droit de placer les demandeurs sur une liste d&#8217;attente.<\/p>\n\n\n\n<figure class=\"wp-block-gallery has-nested-images columns-3 is-cropped wp-block-gallery-1 is-layout-flex wp-block-gallery-is-layout-flex\">\n<figure class=\"wp-block-image size-large\"><a href=\"https:\/\/www.onno.ca\/wp\/membership\/c0onf_dxgaeyg9z\/\"><img loading=\"lazy\" decoding=\"async\" width=\"418\" height=\"417\" data-id=\"2354\" src=\"https:\/\/www.onno.ca\/wp\/wp-content\/uploads\/2018\/05\/C0ONF_DXgAEyG9Z.jpg\" alt=\"\" class=\"wp-image-2354\" srcset=\"https:\/\/www.onno.ca\/wp\/wp-content\/uploads\/2018\/05\/C0ONF_DXgAEyG9Z.jpg 418w, https:\/\/www.onno.ca\/wp\/wp-content\/uploads\/2018\/05\/C0ONF_DXgAEyG9Z-150x150.jpg 150w, https:\/\/www.onno.ca\/wp\/wp-content\/uploads\/2018\/05\/C0ONF_DXgAEyG9Z-300x300.jpg 300w, https:\/\/www.onno.ca\/wp\/wp-content\/uploads\/2018\/05\/C0ONF_DXgAEyG9Z-100x100.jpg 100w\" sizes=\"auto, (max-width: 418px) 100vw, 418px\" \/><\/a><\/figure>\n\n\n\n<figure class=\"wp-block-image size-large\"><a href=\"https:\/\/www.onno.ca\/wp\/membership\/img_1044\/\"><img loading=\"lazy\" decoding=\"async\" width=\"640\" height=\"640\" data-id=\"2355\" src=\"https:\/\/www.onno.ca\/wp\/wp-content\/uploads\/2018\/05\/IMG_1044.jpg\" alt=\"\" class=\"wp-image-2355\" srcset=\"https:\/\/www.onno.ca\/wp\/wp-content\/uploads\/2018\/05\/IMG_1044.jpg 640w, https:\/\/www.onno.ca\/wp\/wp-content\/uploads\/2018\/05\/IMG_1044-150x150.jpg 150w, https:\/\/www.onno.ca\/wp\/wp-content\/uploads\/2018\/05\/IMG_1044-300x300.jpg 300w, https:\/\/www.onno.ca\/wp\/wp-content\/uploads\/2018\/05\/IMG_1044-100x100.jpg 100w\" sizes=\"auto, (max-width: 640px) 100vw, 640px\" \/><\/a><\/figure>\n\n\n\n<figure class=\"wp-block-image size-full\"><a href=\"https:\/\/www.onno.ca\/wp\/fr\/img_1046-e1693666085793-2\/\"><img loading=\"lazy\" decoding=\"async\" width=\"640\" height=\"640\" data-id=\"5544\" src=\"https:\/\/www.onno.ca\/wp\/wp-content\/uploads\/2023\/09\/IMG_1046-e1693666085793-1.jpg\" alt=\"\" class=\"wp-image-5544\" srcset=\"https:\/\/www.onno.ca\/wp\/wp-content\/uploads\/2023\/09\/IMG_1046-e1693666085793-1.jpg 640w, https:\/\/www.onno.ca\/wp\/wp-content\/uploads\/2023\/09\/IMG_1046-e1693666085793-1-300x300.jpg 300w, https:\/\/www.onno.ca\/wp\/wp-content\/uploads\/2023\/09\/IMG_1046-e1693666085793-1-150x150.jpg 150w\" sizes=\"auto, (max-width: 640px) 100vw, 640px\" \/><\/a><\/figure>\n\n\n\n<figure class=\"wp-block-image size-large\"><a href=\"https:\/\/www.onno.ca\/wp\/who-are-we\/body_image_day_2016_vrs2_dkr\/\"><img loading=\"lazy\" decoding=\"async\" width=\"2950\" height=\"2107\" data-id=\"2348\" src=\"https:\/\/www.onno.ca\/wp\/wp-content\/uploads\/2018\/05\/Body_Image_Day_2016_Vrs2_DKR-e1525910541570.jpg\" alt=\"\" class=\"wp-image-2348\"\/><\/a><\/figure>\n\n\n\n<figure class=\"wp-block-image size-large\"><a href=\"https:\/\/www.onno.ca\/wp\/img_6876\/\"><img loading=\"lazy\" decoding=\"async\" width=\"2048\" height=\"1365\" data-id=\"2072\" src=\"https:\/\/www.onno.ca\/wp\/wp-content\/uploads\/2018\/04\/IMG_6876.jpg\" alt=\"\" class=\"wp-image-2072\" srcset=\"https:\/\/www.onno.ca\/wp\/wp-content\/uploads\/2018\/04\/IMG_6876.jpg 2048w, https:\/\/www.onno.ca\/wp\/wp-content\/uploads\/2018\/04\/IMG_6876-300x200.jpg 300w, https:\/\/www.onno.ca\/wp\/wp-content\/uploads\/2018\/04\/IMG_6876-768x512.jpg 768w, https:\/\/www.onno.ca\/wp\/wp-content\/uploads\/2018\/04\/IMG_6876-1024x683.jpg 1024w\" sizes=\"auto, (max-width: 2048px) 100vw, 2048px\" \/><\/a><\/figure>\n\n\n\n<figure class=\"wp-block-image size-large\"><a href=\"https:\/\/www.onno.ca\/wp\/who-are-we\/nudist-life-class-2\/\"><img loading=\"lazy\" decoding=\"async\" width=\"787\" height=\"600\" data-id=\"1217\" src=\"https:\/\/www.onno.ca\/wp\/wp-content\/uploads\/2018\/04\/nudist-life-class-1.jpg\" alt=\"\" class=\"wp-image-1217\" srcset=\"https:\/\/www.onno.ca\/wp\/wp-content\/uploads\/2018\/04\/nudist-life-class-1.jpg 787w, https:\/\/www.onno.ca\/wp\/wp-content\/uploads\/2018\/04\/nudist-life-class-1-300x229.jpg 300w, https:\/\/www.onno.ca\/wp\/wp-content\/uploads\/2018\/04\/nudist-life-class-1-768x586.jpg 768w\" sizes=\"auto, (max-width: 787px) 100vw, 787px\" \/><\/a><\/figure>\n\n\n\n<figure class=\"wp-block-image size-full\"><a href=\"https:\/\/www.onno.ca\/wp\/fr\/barebeque-definition-1_resized-2\/\"><img loading=\"lazy\" decoding=\"async\" width=\"1023\" height=\"1023\" data-id=\"5545\" src=\"https:\/\/www.onno.ca\/wp\/wp-content\/uploads\/2023\/09\/Barebeque-Definition-1_resized-1-e1693670940101.jpg\" alt=\"\" class=\"wp-image-5545\" srcset=\"https:\/\/www.onno.ca\/wp\/wp-content\/uploads\/2023\/09\/Barebeque-Definition-1_resized-1-e1693670940101.jpg 1023w, https:\/\/www.onno.ca\/wp\/wp-content\/uploads\/2023\/09\/Barebeque-Definition-1_resized-1-e1693670940101-300x300.jpg 300w, https:\/\/www.onno.ca\/wp\/wp-content\/uploads\/2023\/09\/Barebeque-Definition-1_resized-1-e1693670940101-150x150.jpg 150w, https:\/\/www.onno.ca\/wp\/wp-content\/uploads\/2023\/09\/Barebeque-Definition-1_resized-1-e1693670940101-768x768.jpg 768w\" sizes=\"auto, (max-width: 1023px) 100vw, 1023px\" \/><\/a><\/figure>\n\n\n\n<figure class=\"wp-block-image size-large\"><a href=\"https:\/\/www.onno.ca\/wp\/members-only\/17362436_861729590670992_3853110124326581400_n\/\"><img loading=\"lazy\" decoding=\"async\" width=\"490\" height=\"750\" data-id=\"1193\" src=\"https:\/\/www.onno.ca\/wp\/wp-content\/uploads\/2018\/04\/17362436_861729590670992_3853110124326581400_n.jpg\" alt=\"\" class=\"wp-image-1193\" srcset=\"https:\/\/www.onno.ca\/wp\/wp-content\/uploads\/2018\/04\/17362436_861729590670992_3853110124326581400_n.jpg 490w, https:\/\/www.onno.ca\/wp\/wp-content\/uploads\/2018\/04\/17362436_861729590670992_3853110124326581400_n-196x300.jpg 196w\" sizes=\"auto, (max-width: 490px) 100vw, 490px\" \/><\/a><\/figure>\n\n\n\n<figure class=\"wp-block-image size-full\"><a href=\"https:\/\/www.onno.ca\/wp\/fr\/naturisme-hyeres_resized\/\"><img loading=\"lazy\" decoding=\"async\" width=\"1000\" height=\"1025\" data-id=\"5548\" src=\"https:\/\/www.onno.ca\/wp\/wp-content\/uploads\/2023\/09\/naturisme-hyeres_resized.jpg\" alt=\"\" class=\"wp-image-5548\" srcset=\"https:\/\/www.onno.ca\/wp\/wp-content\/uploads\/2023\/09\/naturisme-hyeres_resized.jpg 1000w, https:\/\/www.onno.ca\/wp\/wp-content\/uploads\/2023\/09\/naturisme-hyeres_resized-293x300.jpg 293w, https:\/\/www.onno.ca\/wp\/wp-content\/uploads\/2023\/09\/naturisme-hyeres_resized-146x150.jpg 146w, https:\/\/www.onno.ca\/wp\/wp-content\/uploads\/2023\/09\/naturisme-hyeres_resized-768x787.jpg 768w\" sizes=\"auto, (max-width: 1000px) 100vw, 1000px\" \/><\/a><\/figure>\n<\/figure>\n\n\n\n<p>Veuillez comprendre qu&#8217;en d\u00e9pit de nos meilleurs efforts, beaucoup de gens ont \u00e0 l&#8217;esprit une fausse id\u00e9e de ce que repr\u00e9sente le naturisme. Par cons\u00e9quent, ON\/NO a pour politique d&#8217;effectuer un filtrage pr\u00e9alable avant que vous deveniez membre. La seule exception \u00e0 cette r\u00e8gle est d&#8217;\u00eatre un membre d&#8217;un autre club naturiste. De plus, vous devez assister \u00e0 trois \u00e9v\u00e9nements, incluant une r\u00e9union des membres et une activit\u00e9 naturiste, avant que votre adh\u00e9sion ne soit finalis\u00e9e.<\/p>\n\n\n\n<p>Le naturisme devrait \u00eatre une exp\u00e9rience agr\u00e9able pour tous. ON\/NO s&#8217;attend \u00e0 ce que ses membres et invit\u00e9s se traitent mutuellement et les installations dans lesquelles les \u00e9v\u00e9nements se d\u00e9roulentavec dignit\u00e9 et respect. Le harcellement sexuel n&#8217;est pas tol\u00e9r\u00e9 et peut avoir comme cons\u00e9quence l&#8217;expulsion, la r\u00e9vocation de l&#8217;adh\u00e9sion et m\u00eame entrainer des poursuites judiciaires.<\/p>\n\n\n\n<hr class=\"wp-block-separator has-css-opacity\"\/>\n\n\n\n<h2 class=\"wp-block-heading\">Ce que vous devriez savoir<\/h2>\n\n\n\n<p>Les documents suivants d\u00e9finissent les droits et les obligations des membres d&#8217;ON\/NO et \u00e9noncent la norme de conduite attendue des membres d&#8217;ON\/NO et leurs invit\u00e9s aux \u00e9v\u00e9nements d&#8217;ON\/NO. Tous les membres d&#8217;ON\/NO doivent se familiariser avec le contenu de ces documents. Les nouveaux membres devraient examiner les trois premiers documents, en particulier, avant d&#8217;assister \u00e0 leur premier \u00e9v\u00e9nement \u00e0 nu.<\/p>\n\n\n\n<ul class=\"wp-block-list\">\n<li><a href=\"https:\/\/www.onno.ca\/wp\/fr\/adhesion\/a-quoi-sattendre-lors-devenements-a-nu-don-no\/\">\u00c0 quoi s&#8217;attendre lors d&#8217;\u00e9v\u00e9nements \u00e0 nu d&#8217;ON\/NO<\/a><\/li>\n\n\n\n<li><a href=\"https:\/\/www.onno.ca\/wp\/fr\/adhesion\/letiquette-pour-les-baignades-et-le-naturisme\/\">L&#8217;etiquette pour les baignades et le naturisme<\/a><\/li>\n\n\n\n<li><a href=\"https:\/\/www.onno.ca\/wp\/fr\/adhesion\/politique-don-no-sur-le-harcelement-sexuel\/\" target=\"_blank\" rel=\"noreferrer noopener\">La politique d&#8217;ON\/NO sur le harc\u00e8lement sexuel<\/a><\/li>\n\n\n\n<li><a href=\"https:\/\/www.onno.ca\/wp\/fr\/reglement\/\">Les r\u00e8glements officiels d&#8217;ON\/NO<\/a><\/li>\n\n\n\n<li><a href=\"https:\/\/www.onno.ca\/wp\/fr\/adhesion\/politique-don-no-sur-la-protection-des-renseignements-personnels\/\">La politique d&#8217;ON\/NO sur la protection des renseignements personnels<\/a><\/li>\n<\/ul>\n\n\n\n<h2 class=\"wp-block-heading\">Voulez-vous nous rejoindre ?<\/h2>\n\n\n\n<p>Une adh\u00e9sion \u00e0 ON\/NO peut \u00eatre obtenue en personne lors d&#8217;une baignade ou de certains autres \u00e9v\u00e9nements. Vous trouverez tous les d\u00e9tails sur la page <a href=\"https:\/\/www.onno.ca\/wp\/fr\/adhesion\/demande-dadhesion\/\">Devenir membre d&#8217;ON\/NO<\/a>.<\/p>\n\n\n\n<h2 class=\"wp-block-heading\">Voulez-vous renouveler votre adh\u00e9sion ?<\/h2>\n\n\n\n<p><span id=\"result_box\" lang=\"fr\" class=\"\">Les adh\u00e9sions \u00e0 ON\/NO peuvent \u00eatre renouvel\u00e9es en ligne, par la poste ou en personne lors d&#8217;une baignade ou de certains autres \u00e9v\u00e9nements. Vous trouverez tous les d\u00e9tails sur la page <a href=\"https:\/\/www.onno.ca\/wp\/fr\/adhesion\/renouvellement-dadhesion\/\">Renouveler votre adh\u00e9sion<\/a>.<\/span><\/p>\n\n\n\n<p><\/p>\n","protected":false},"excerpt":{"rendered":"<p>Adh\u00e9sion \u00e0 ON\/NO Les avantages de l&#8217;adh\u00e9sion L&#8217;adh\u00e9sion \u00e0 l&#8217;ON\/NO vous donne le droit : Votre carte de membre, en plus de donner acc\u00e8s aux \u00e9v\u00e9nements d&#8217;ON\/NO, constitue \u00e9galement une bonne introduction aux autres clubs et centres de vill\u00e9giature naturistes, et vous donne m\u00eame droit \u00e0 des rabais d&#8217;un certain nombre d&#8217;autres clubs et centres [&hellip;]<\/p>\n","protected":false},"author":1,"featured_media":2430,"parent":0,"menu_order":0,"comment_status":"closed","ping_status":"closed","template":"","meta":{"_lmt_disableupdate":"no","_lmt_disable":"","site-sidebar-layout":"default","site-content-layout":"default","ast-site-content-layout":"default","site-content-style":"default","site-sidebar-style":"default","ast-global-header-display":"","ast-banner-title-visibility":"","ast-main-header-display":"","ast-hfb-above-header-display":"","ast-hfb-below-header-display":"","ast-hfb-mobile-header-display":"","site-post-title":"disabled","ast-breadcrumbs-content":"","ast-featured-img":"","footer-sml-layout":"","ast-disable-related-posts":"","theme-transparent-header-meta":"default","adv-header-id-meta":"","stick-header-meta":"","header-above-stick-meta":"","header-main-stick-meta":"","header-below-stick-meta":"","astra-migrate-meta-layouts":"set","ast-page-background-enabled":"default","ast-page-background-meta":{"desktop":{"background-color":"","background-image":"","background-repeat":"repeat","background-position":"center center","background-size":"auto","background-attachment":"scroll","background-type":"","background-media":"","overlay-type":"","overlay-color":"","overlay-opacity":"","overlay-gradient":""},"tablet":{"background-color":"","background-image":"","background-repeat":"repeat","background-position":"center center","background-size":"auto","background-attachment":"scroll","background-type":"","background-media":"","overlay-type":"","overlay-color":"","overlay-opacity":"","overlay-gradient":""},"mobile":{"background-color":"","background-image":"","background-repeat":"repeat","background-position":"center center","background-size":"auto","background-attachment":"scroll","background-type":"","background-media":"","overlay-type":"","overlay-color":"","overlay-opacity":"","overlay-gradient":""}},"ast-content-background-meta":{"desktop":{"background-color":"var(--ast-global-color-5)","background-image":"","background-repeat":"repeat","background-position":"center center","background-size":"auto","background-attachment":"scroll","background-type":"","background-media":"","overlay-type":"","overlay-color":"","overlay-opacity":"","overlay-gradient":""},"tablet":{"background-color":"var(--ast-global-color-5)","background-image":"","background-repeat":"repeat","background-position":"center center","background-size":"auto","background-attachment":"scroll","background-type":"","background-media":"","overlay-type":"","overlay-color":"","overlay-opacity":"","overlay-gradient":""},"mobile":{"background-color":"var(--ast-global-color-5)","background-image":"","background-repeat":"repeat","background-position":"center center","background-size":"auto","background-attachment":"scroll","background-type":"","background-media":"","overlay-type":"","overlay-color":"","overlay-opacity":"","overlay-gradient":""}},"_mc_calendar":[],"footnotes":""},"class_list":["post-81","page","type-page","status-publish","has-post-thumbnail","hentry"],"yoast_head":"<!-- This site is optimized with the Yoast SEO plugin v27.4 - https:\/\/yoast.com\/product\/yoast-seo-wordpress\/ -->\n<title>Adh\u00e9sion - Ottawa Naturists \/ Naturistes de l&#039;Outaouais<\/title>\n<meta name=\"robots\" content=\"index, follow, max-snippet:-1, max-image-preview:large, max-video-preview:-1\" \/>\n<link rel=\"canonical\" href=\"https:\/\/www.onno.ca\/wp\/fr\/adhesion\/\" \/>\n<meta property=\"og:locale\" content=\"en_US\" \/>\n<meta property=\"og:type\" content=\"article\" \/>\n<meta property=\"og:title\" content=\"Adh\u00e9sion - Ottawa Naturists \/ Naturistes de l&#039;Outaouais\" \/>\n<meta property=\"og:description\" content=\"Adh\u00e9sion \u00e0 ON\/NO Les avantages de l&#8217;adh\u00e9sion L&#8217;adh\u00e9sion \u00e0 l&#8217;ON\/NO vous donne le droit : Votre carte de membre, en plus de donner acc\u00e8s aux \u00e9v\u00e9nements d&#8217;ON\/NO, constitue \u00e9galement une bonne introduction aux autres clubs et centres de vill\u00e9giature naturistes, et vous donne m\u00eame droit \u00e0 des rabais d&#8217;un certain nombre d&#8217;autres clubs et centres [&hellip;]\" \/>\n<meta property=\"og:url\" content=\"https:\/\/www.onno.ca\/wp\/fr\/adhesion\/\" \/>\n<meta property=\"og:site_name\" content=\"Ottawa Naturists \/ Naturistes de l&#039;Outaouais\" \/>\n<meta property=\"article:publisher\" content=\"https:\/\/www.facebook.com\/pg\/ONNO613\/\" \/>\n<meta property=\"article:modified_time\" content=\"2026-02-25T03:08:04+00:00\" \/>\n<meta property=\"og:image\" content=\"https:\/\/www.onno.ca\/wp\/wp-content\/uploads\/2018\/05\/Newbie.jpg\" \/>\n\t<meta property=\"og:image:width\" content=\"1500\" \/>\n\t<meta property=\"og:image:height\" content=\"686\" \/>\n\t<meta property=\"og:image:type\" content=\"image\/jpeg\" \/>\n<meta name=\"twitter:card\" content=\"summary_large_image\" \/>\n<meta name=\"twitter:site\" content=\"@OttawaNaturists\" \/>\n<meta name=\"twitter:label1\" content=\"Est. reading time\" \/>\n\t<meta name=\"twitter:data1\" content=\"5 minutes\" \/>\n<script type=\"application\/ld+json\" class=\"yoast-schema-graph\">{\"@context\":\"https:\\\/\\\/schema.org\",\"@graph\":[{\"@type\":\"WebPage\",\"@id\":\"https:\\\/\\\/www.onno.ca\\\/wp\\\/fr\\\/adhesion\\\/\",\"url\":\"https:\\\/\\\/www.onno.ca\\\/wp\\\/fr\\\/adhesion\\\/\",\"name\":\"Adh\u00e9sion - Ottawa Naturists \\\/ Naturistes de l&#039;Outaouais\",\"isPartOf\":{\"@id\":\"https:\\\/\\\/www.onno.ca\\\/wp\\\/#website\"},\"primaryImageOfPage\":{\"@id\":\"https:\\\/\\\/www.onno.ca\\\/wp\\\/fr\\\/adhesion\\\/#primaryimage\"},\"image\":{\"@id\":\"https:\\\/\\\/www.onno.ca\\\/wp\\\/fr\\\/adhesion\\\/#primaryimage\"},\"thumbnailUrl\":\"https:\\\/\\\/www.onno.ca\\\/wp\\\/wp-content\\\/uploads\\\/2018\\\/05\\\/Newbie.jpg\",\"datePublished\":\"2018-03-19T18:57:39+00:00\",\"dateModified\":\"2026-02-25T03:08:04+00:00\",\"breadcrumb\":{\"@id\":\"https:\\\/\\\/www.onno.ca\\\/wp\\\/fr\\\/adhesion\\\/#breadcrumb\"},\"inLanguage\":\"en-CA\",\"potentialAction\":[{\"@type\":\"ReadAction\",\"target\":[\"https:\\\/\\\/www.onno.ca\\\/wp\\\/fr\\\/adhesion\\\/\"]}]},{\"@type\":\"ImageObject\",\"inLanguage\":\"en-CA\",\"@id\":\"https:\\\/\\\/www.onno.ca\\\/wp\\\/fr\\\/adhesion\\\/#primaryimage\",\"url\":\"https:\\\/\\\/www.onno.ca\\\/wp\\\/wp-content\\\/uploads\\\/2018\\\/05\\\/Newbie.jpg\",\"contentUrl\":\"https:\\\/\\\/www.onno.ca\\\/wp\\\/wp-content\\\/uploads\\\/2018\\\/05\\\/Newbie.jpg\",\"width\":1500,\"height\":686},{\"@type\":\"BreadcrumbList\",\"@id\":\"https:\\\/\\\/www.onno.ca\\\/wp\\\/fr\\\/adhesion\\\/#breadcrumb\",\"itemListElement\":[{\"@type\":\"ListItem\",\"position\":1,\"name\":\"Home\",\"item\":\"https:\\\/\\\/www.onno.ca\\\/wp\\\/\"},{\"@type\":\"ListItem\",\"position\":2,\"name\":\"Adh\u00e9sion\"}]},{\"@type\":\"WebSite\",\"@id\":\"https:\\\/\\\/www.onno.ca\\\/wp\\\/#website\",\"url\":\"https:\\\/\\\/www.onno.ca\\\/wp\\\/\",\"name\":\"Ottawa Naturists \\\/ Naturistes de l'Outaouais\",\"description\":\"Barely enjoying our 33rd year\",\"publisher\":{\"@id\":\"https:\\\/\\\/www.onno.ca\\\/wp\\\/#organization\"},\"potentialAction\":[{\"@type\":\"SearchAction\",\"target\":{\"@type\":\"EntryPoint\",\"urlTemplate\":\"https:\\\/\\\/www.onno.ca\\\/wp\\\/?s={search_term_string}\"},\"query-input\":{\"@type\":\"PropertyValueSpecification\",\"valueRequired\":true,\"valueName\":\"search_term_string\"}}],\"inLanguage\":\"en-CA\"},{\"@type\":\"Organization\",\"@id\":\"https:\\\/\\\/www.onno.ca\\\/wp\\\/#organization\",\"name\":\"Ottawa Naturists \\\/ Naturistes de l'Outaouais\",\"url\":\"https:\\\/\\\/www.onno.ca\\\/wp\\\/\",\"logo\":{\"@type\":\"ImageObject\",\"inLanguage\":\"en-CA\",\"@id\":\"https:\\\/\\\/www.onno.ca\\\/wp\\\/#\\\/schema\\\/logo\\\/image\\\/\",\"url\":\"https:\\\/\\\/www.onno.ca\\\/wp\\\/wp-content\\\/uploads\\\/2025\\\/11\\\/website-logo.png\",\"contentUrl\":\"https:\\\/\\\/www.onno.ca\\\/wp\\\/wp-content\\\/uploads\\\/2025\\\/11\\\/website-logo.png\",\"width\":351,\"height\":179,\"caption\":\"Ottawa Naturists \\\/ Naturistes de l'Outaouais\"},\"image\":{\"@id\":\"https:\\\/\\\/www.onno.ca\\\/wp\\\/#\\\/schema\\\/logo\\\/image\\\/\"},\"sameAs\":[\"https:\\\/\\\/www.facebook.com\\\/pg\\\/ONNO613\\\/\",\"https:\\\/\\\/x.com\\\/OttawaNaturists\"]}]}<\/script>\n<!-- \/ Yoast SEO plugin. -->","yoast_head_json":{"title":"Adh\u00e9sion - Ottawa Naturists \/ Naturistes de l&#039;Outaouais","robots":{"index":"index","follow":"follow","max-snippet":"max-snippet:-1","max-image-preview":"max-image-preview:large","max-video-preview":"max-video-preview:-1"},"canonical":"https:\/\/www.onno.ca\/wp\/fr\/adhesion\/","og_locale":"en_US","og_type":"article","og_title":"Adh\u00e9sion - Ottawa Naturists \/ Naturistes de l&#039;Outaouais","og_description":"Adh\u00e9sion \u00e0 ON\/NO Les avantages de l&#8217;adh\u00e9sion L&#8217;adh\u00e9sion \u00e0 l&#8217;ON\/NO vous donne le droit : Votre carte de membre, en plus de donner acc\u00e8s aux \u00e9v\u00e9nements d&#8217;ON\/NO, constitue \u00e9galement une bonne introduction aux autres clubs et centres de vill\u00e9giature naturistes, et vous donne m\u00eame droit \u00e0 des rabais d&#8217;un certain nombre d&#8217;autres clubs et centres [&hellip;]","og_url":"https:\/\/www.onno.ca\/wp\/fr\/adhesion\/","og_site_name":"Ottawa Naturists \/ Naturistes de l&#039;Outaouais","article_publisher":"https:\/\/www.facebook.com\/pg\/ONNO613\/","article_modified_time":"2026-02-25T03:08:04+00:00","og_image":[{"width":1500,"height":686,"url":"https:\/\/www.onno.ca\/wp\/wp-content\/uploads\/2018\/05\/Newbie.jpg","type":"image\/jpeg"}],"twitter_card":"summary_large_image","twitter_site":"@OttawaNaturists","twitter_misc":{"Est. reading time":"5 minutes"},"schema":{"@context":"https:\/\/schema.org","@graph":[{"@type":"WebPage","@id":"https:\/\/www.onno.ca\/wp\/fr\/adhesion\/","url":"https:\/\/www.onno.ca\/wp\/fr\/adhesion\/","name":"Adh\u00e9sion - Ottawa Naturists \/ Naturistes de l&#039;Outaouais","isPartOf":{"@id":"https:\/\/www.onno.ca\/wp\/#website"},"primaryImageOfPage":{"@id":"https:\/\/www.onno.ca\/wp\/fr\/adhesion\/#primaryimage"},"image":{"@id":"https:\/\/www.onno.ca\/wp\/fr\/adhesion\/#primaryimage"},"thumbnailUrl":"https:\/\/www.onno.ca\/wp\/wp-content\/uploads\/2018\/05\/Newbie.jpg","datePublished":"2018-03-19T18:57:39+00:00","dateModified":"2026-02-25T03:08:04+00:00","breadcrumb":{"@id":"https:\/\/www.onno.ca\/wp\/fr\/adhesion\/#breadcrumb"},"inLanguage":"en-CA","potentialAction":[{"@type":"ReadAction","target":["https:\/\/www.onno.ca\/wp\/fr\/adhesion\/"]}]},{"@type":"ImageObject","inLanguage":"en-CA","@id":"https:\/\/www.onno.ca\/wp\/fr\/adhesion\/#primaryimage","url":"https:\/\/www.onno.ca\/wp\/wp-content\/uploads\/2018\/05\/Newbie.jpg","contentUrl":"https:\/\/www.onno.ca\/wp\/wp-content\/uploads\/2018\/05\/Newbie.jpg","width":1500,"height":686},{"@type":"BreadcrumbList","@id":"https:\/\/www.onno.ca\/wp\/fr\/adhesion\/#breadcrumb","itemListElement":[{"@type":"ListItem","position":1,"name":"Home","item":"https:\/\/www.onno.ca\/wp\/"},{"@type":"ListItem","position":2,"name":"Adh\u00e9sion"}]},{"@type":"WebSite","@id":"https:\/\/www.onno.ca\/wp\/#website","url":"https:\/\/www.onno.ca\/wp\/","name":"Ottawa Naturists \/ Naturistes de l'Outaouais","description":"Barely enjoying our 33rd year","publisher":{"@id":"https:\/\/www.onno.ca\/wp\/#organization"},"potentialAction":[{"@type":"SearchAction","target":{"@type":"EntryPoint","urlTemplate":"https:\/\/www.onno.ca\/wp\/?s={search_term_string}"},"query-input":{"@type":"PropertyValueSpecification","valueRequired":true,"valueName":"search_term_string"}}],"inLanguage":"en-CA"},{"@type":"Organization","@id":"https:\/\/www.onno.ca\/wp\/#organization","name":"Ottawa Naturists \/ Naturistes de l'Outaouais","url":"https:\/\/www.onno.ca\/wp\/","logo":{"@type":"ImageObject","inLanguage":"en-CA","@id":"https:\/\/www.onno.ca\/wp\/#\/schema\/logo\/image\/","url":"https:\/\/www.onno.ca\/wp\/wp-content\/uploads\/2025\/11\/website-logo.png","contentUrl":"https:\/\/www.onno.ca\/wp\/wp-content\/uploads\/2025\/11\/website-logo.png","width":351,"height":179,"caption":"Ottawa Naturists \/ Naturistes de l'Outaouais"},"image":{"@id":"https:\/\/www.onno.ca\/wp\/#\/schema\/logo\/image\/"},"sameAs":["https:\/\/www.facebook.com\/pg\/ONNO613\/","https:\/\/x.com\/OttawaNaturists"]}]}},"_links":{"self":[{"href":"https:\/\/www.onno.ca\/wp\/wp-json\/wp\/v2\/pages\/81","targetHints":{"allow":["GET"]}}],"collection":[{"href":"https:\/\/www.onno.ca\/wp\/wp-json\/wp\/v2\/pages"}],"about":[{"href":"https:\/\/www.onno.ca\/wp\/wp-json\/wp\/v2\/types\/page"}],"author":[{"embeddable":true,"href":"https:\/\/www.onno.ca\/wp\/wp-json\/wp\/v2\/users\/1"}],"replies":[{"embeddable":true,"href":"https:\/\/www.onno.ca\/wp\/wp-json\/wp\/v2\/comments?post=81"}],"version-history":[{"count":3,"href":"https:\/\/www.onno.ca\/wp\/wp-json\/wp\/v2\/pages\/81\/revisions"}],"predecessor-version":[{"id":6469,"href":"https:\/\/www.onno.ca\/wp\/wp-json\/wp\/v2\/pages\/81\/revisions\/6469"}],"wp:featuredmedia":[{"embeddable":true,"href":"https:\/\/www.onno.ca\/wp\/wp-json\/wp\/v2\/media\/2430"}],"wp:attachment":[{"href":"https:\/\/www.onno.ca\/wp\/wp-json\/wp\/v2\/media?parent=81"}],"curies":[{"name":"wp","href":"https:\/\/api.w.org\/{rel}","templated":true}]}}