{"id":1355,"date":"2018-04-12T21:32:44","date_gmt":"2018-04-13T01:32:44","guid":{"rendered":"http:\/\/www.onno.ca\/blog\/?page_id=1355"},"modified":"2021-05-30T21:07:36","modified_gmt":"2021-05-31T01:07:36","slug":"politique-don-no-sur-la-protection-des-renseignements-personnels","status":"publish","type":"page","link":"https:\/\/www.onno.ca\/wp\/fr\/adhesion\/politique-don-no-sur-la-protection-des-renseignements-personnels\/","title":{"rendered":"Politique d&#8217;ON\/NO sur la protection des renseignements personnels"},"content":{"rendered":"<h1>Politique d&#8217;ON\/NO sur la protection des renseignements personnels<\/h1>\n<h2>Introduction<\/h2>\n<p>En tant qu&#8217;entit\u00e9 sans but lucratif, ON\/NO <span style=\"text-decoration: underline;\">n&#8217;est pas <\/span>soumise \u00e0 la Loi sur la protection des renseignements personnels et les documents \u00e9lectroniques (LPRPDE). Cependant, nous prenons au s\u00e9rieux la protection de la vie priv\u00e9e de nos membres et dans le but de prot\u00e9ger la vie priv\u00e9e, la politique ci-apr\u00e8s est incluse dans la section 8.05 &#8220;Protection de la vie priv\u00e9e&#8221; des r\u00e8gles et r\u00e8glements d&#8217;ON\/NO.<\/p>\n<h2>But de la collecte d&#8217;information<\/h2>\n<p>Pour les buts op\u00e9rationnels d\u2019ON\/NO et pour offrir aux membres des renseignements sur les affaires et les activit\u00e9s d\u2019ON\/NO, ON\/NO requiert une certaine quantit\u00e9 d\u2019informations de ses membres. \u00c0 titre d\u2019exemples de ces buts, il y a la gestion des admissions aux activit\u00e9s et l\u2019envoi des avis de renouvellement d\u2019adh\u00e9sion, des avis des activit\u00e9s, d\u2019information sur ON\/NO et des bulletins.<\/p>\n<p>En signant le formulaire d\u2019adh\u00e9sion, les membres donnent leur accord \u00e0 la collecte de cette information pour l\u2019usage d\u2019ON\/NO.<\/p>\n<h2>S\u00e9curit\u00e9 et sauvegarde<\/h2>\n<p>L&#8217;information fournie sera utilis\u00e9e uniquement \u00e0 des fins op\u00e9rationnelles par ON\/NO et de fournir aux membres des renseignements sur les affaires et les activit\u00e9s d\u2019ON\/NO. Elle sera disponible uniquement que pour les membres du conseil et les dirigeants d\u2019ON\/NO tel qu\u2019exig\u00e9 pour accomplir les fonctions d\u2019ON\/NO.<\/p>\n<p>Les d\u00e9tails des adh\u00e9sions ne seront pas partag\u00e9es avec d\u2019autres membres d\u2019ON\/NO ni \u00e0 l\u2019ext\u00e9rieur d\u2019ON\/NO. \u00c0 l\u2019occasion, certaines associations naturistes telle la F\u00e9d\u00e9ration canadienne de naturisme (FCN) demande \u00e0 ON\/NO de confirmer la validit\u00e9 d\u2019une adh\u00e9sion d\u2019un membre qui tente d\u2019obtenir une adh\u00e9sion avec leur association. Ce genre de questions se r\u00e9pond par un simple \u00ab oui \u00bb ou \u00ab non \u00bb sans donner de d\u00e9tails suppl\u00e9mentaires.<\/p>\n<h2>Consentement et d\u00e9sistement en consequence<\/h2>\n<p>Le consentement offert \u00e0 ON\/NO de conserver linformation personnelle des membres sera sujet \u00e0 renouvellement \u00e0 chaque ann\u00e9e via le formulaire de renouvellement dadh\u00e9sion. Le consentement peut \u00eatre retir\u00e9 \u00e0 nimporte quel moment et cela entra\u00eenera la r\u00e9siliation de ladh\u00e9sion. Une adh\u00e9sion expir\u00e9e est reconnue comme \u00e9tant un d\u00e9sistement au consentement. Tous les renseignements expir\u00e9s seront transf\u00e9r\u00e9s dans nos dossiers &#8220;inactifs&#8221; et s\u00e9par\u00e9s de nos dossiers courants. Apr\u00e8s six (6) ann\u00e9es, tous les renseignements d\u00e9suets seront \u00e9pur\u00e9s des dossiers d&#8217;ON\/NO.<\/p>\n<h2>Acc\u00e8s individuel<\/h2>\n<p>Le conseil dadministration dON\/NO se fera un plaisir de fournir lacc\u00e8s \u00e0 leurs propres dossiers, en dedans de trente (30) jours suivant la r\u00e9ception dune demande \u00e9crite, aux individus qui en feront la demande.<\/p>\n<h2>Plaintes<\/h2>\n<p>Toute plainte sera trait\u00e9e avec diligence et confidentialit\u00e9 des plus strictes par un ou plusieurs directeurs d&#8217;ON\/NO.<\/p>\n<p style=\"text-align: center;\"><em>Approuv\u00e9 par Ottawa Naturists \/ Naturistes de l\u2019Outaouais \u00e0 l&#8217;Assembl\u00e9e g\u00e9n\u00e9rale des membres du 18 juin 2015<\/em><\/p>\n","protected":false},"excerpt":{"rendered":"<p>Politique d&#8217;ON\/NO sur la protection des renseignements personnels Introduction En tant qu&#8217;entit\u00e9 sans but lucratif, ON\/NO n&#8217;est pas soumise \u00e0 la Loi sur la protection des renseignements personnels et les documents \u00e9lectroniques (LPRPDE). Cependant, nous prenons au s\u00e9rieux la protection de la vie priv\u00e9e de nos membres et dans le but de prot\u00e9ger la vie [&hellip;]<\/p>\n","protected":false},"author":1,"featured_media":0,"parent":81,"menu_order":0,"comment_status":"closed","ping_status":"closed","template":"","meta":{"_lmt_disableupdate":"no","_lmt_disable":"","site-sidebar-layout":"default","site-content-layout":"default","ast-site-content-layout":"default","site-content-style":"default","site-sidebar-style":"default","ast-global-header-display":"","ast-banner-title-visibility":"","ast-main-header-display":"","ast-hfb-above-header-display":"","ast-hfb-below-header-display":"","ast-hfb-mobile-header-display":"","site-post-title":"disabled","ast-breadcrumbs-content":"","ast-featured-img":"","footer-sml-layout":"","ast-disable-related-posts":"","theme-transparent-header-meta":"default","adv-header-id-meta":"","stick-header-meta":"","header-above-stick-meta":"","header-main-stick-meta":"","header-below-stick-meta":"","astra-migrate-meta-layouts":"default","ast-page-background-enabled":"default","ast-page-background-meta":{"desktop":{"background-color":"","background-image":"","background-repeat":"repeat","background-position":"center center","background-size":"auto","background-attachment":"scroll","background-type":"","background-media":"","overlay-type":"","overlay-color":"","overlay-opacity":"","overlay-gradient":""},"tablet":{"background-color":"","background-image":"","background-repeat":"repeat","background-position":"center center","background-size":"auto","background-attachment":"scroll","background-type":"","background-media":"","overlay-type":"","overlay-color":"","overlay-opacity":"","overlay-gradient":""},"mobile":{"background-color":"","background-image":"","background-repeat":"repeat","background-position":"center center","background-size":"auto","background-attachment":"scroll","background-type":"","background-media":"","overlay-type":"","overlay-color":"","overlay-opacity":"","overlay-gradient":""}},"ast-content-background-meta":{"desktop":{"background-color":"var(--ast-global-color-5)","background-image":"","background-repeat":"repeat","background-position":"center center","background-size":"auto","background-attachment":"scroll","background-type":"","background-media":"","overlay-type":"","overlay-color":"","overlay-opacity":"","overlay-gradient":""},"tablet":{"background-color":"var(--ast-global-color-5)","background-image":"","background-repeat":"repeat","background-position":"center center","background-size":"auto","background-attachment":"scroll","background-type":"","background-media":"","overlay-type":"","overlay-color":"","overlay-opacity":"","overlay-gradient":""},"mobile":{"background-color":"var(--ast-global-color-5)","background-image":"","background-repeat":"repeat","background-position":"center center","background-size":"auto","background-attachment":"scroll","background-type":"","background-media":"","overlay-type":"","overlay-color":"","overlay-opacity":"","overlay-gradient":""}},"_mc_calendar":[],"footnotes":""},"class_list":["post-1355","page","type-page","status-publish","hentry"],"yoast_head":"<!-- This site is optimized with the Yoast SEO plugin v27.4 - https:\/\/yoast.com\/product\/yoast-seo-wordpress\/ -->\n<title>Politique d&#039;ON\/NO sur la protection des renseignements personnels - Ottawa Naturists \/ Naturistes de l&#039;Outaouais<\/title>\n<meta name=\"robots\" content=\"index, follow, max-snippet:-1, max-image-preview:large, max-video-preview:-1\" \/>\n<link rel=\"canonical\" href=\"https:\/\/www.onno.ca\/wp\/fr\/adhesion\/politique-don-no-sur-la-protection-des-renseignements-personnels\/\" \/>\n<meta property=\"og:locale\" content=\"en_US\" \/>\n<meta property=\"og:type\" content=\"article\" \/>\n<meta property=\"og:title\" content=\"Politique d&#039;ON\/NO sur la protection des renseignements personnels - Ottawa Naturists \/ Naturistes de l&#039;Outaouais\" \/>\n<meta property=\"og:description\" content=\"Politique d&#8217;ON\/NO sur la protection des renseignements personnels Introduction En tant qu&#8217;entit\u00e9 sans but lucratif, ON\/NO n&#8217;est pas soumise \u00e0 la Loi sur la protection des renseignements personnels et les documents \u00e9lectroniques (LPRPDE). Cependant, nous prenons au s\u00e9rieux la protection de la vie priv\u00e9e de nos membres et dans le but de prot\u00e9ger la vie [&hellip;]\" \/>\n<meta property=\"og:url\" content=\"https:\/\/www.onno.ca\/wp\/fr\/adhesion\/politique-don-no-sur-la-protection-des-renseignements-personnels\/\" \/>\n<meta property=\"og:site_name\" content=\"Ottawa Naturists \/ Naturistes de l&#039;Outaouais\" \/>\n<meta property=\"article:publisher\" content=\"https:\/\/www.facebook.com\/pg\/ONNO613\/\" \/>\n<meta property=\"article:modified_time\" content=\"2021-05-31T01:07:36+00:00\" \/>\n<meta name=\"twitter:card\" content=\"summary_large_image\" \/>\n<meta name=\"twitter:site\" content=\"@OttawaNaturists\" \/>\n<meta name=\"twitter:label1\" content=\"Est. reading time\" \/>\n\t<meta name=\"twitter:data1\" content=\"3 minutes\" \/>\n<script type=\"application\/ld+json\" class=\"yoast-schema-graph\">{\"@context\":\"https:\\\/\\\/schema.org\",\"@graph\":[{\"@type\":\"WebPage\",\"@id\":\"https:\\\/\\\/www.onno.ca\\\/wp\\\/fr\\\/adhesion\\\/politique-don-no-sur-la-protection-des-renseignements-personnels\\\/\",\"url\":\"https:\\\/\\\/www.onno.ca\\\/wp\\\/fr\\\/adhesion\\\/politique-don-no-sur-la-protection-des-renseignements-personnels\\\/\",\"name\":\"Politique d'ON\\\/NO sur la protection des renseignements personnels - Ottawa Naturists \\\/ Naturistes de l&#039;Outaouais\",\"isPartOf\":{\"@id\":\"https:\\\/\\\/www.onno.ca\\\/wp\\\/#website\"},\"datePublished\":\"2018-04-13T01:32:44+00:00\",\"dateModified\":\"2021-05-31T01:07:36+00:00\",\"breadcrumb\":{\"@id\":\"https:\\\/\\\/www.onno.ca\\\/wp\\\/fr\\\/adhesion\\\/politique-don-no-sur-la-protection-des-renseignements-personnels\\\/#breadcrumb\"},\"inLanguage\":\"en-CA\",\"potentialAction\":[{\"@type\":\"ReadAction\",\"target\":[\"https:\\\/\\\/www.onno.ca\\\/wp\\\/fr\\\/adhesion\\\/politique-don-no-sur-la-protection-des-renseignements-personnels\\\/\"]}]},{\"@type\":\"BreadcrumbList\",\"@id\":\"https:\\\/\\\/www.onno.ca\\\/wp\\\/fr\\\/adhesion\\\/politique-don-no-sur-la-protection-des-renseignements-personnels\\\/#breadcrumb\",\"itemListElement\":[{\"@type\":\"ListItem\",\"position\":1,\"name\":\"Home\",\"item\":\"https:\\\/\\\/www.onno.ca\\\/wp\\\/\"},{\"@type\":\"ListItem\",\"position\":2,\"name\":\"Adh\u00e9sion\",\"item\":\"https:\\\/\\\/www.onno.ca\\\/wp\\\/fr\\\/adhesion\\\/\"},{\"@type\":\"ListItem\",\"position\":3,\"name\":\"Politique d&#8217;ON\\\/NO sur la protection des renseignements personnels\"}]},{\"@type\":\"WebSite\",\"@id\":\"https:\\\/\\\/www.onno.ca\\\/wp\\\/#website\",\"url\":\"https:\\\/\\\/www.onno.ca\\\/wp\\\/\",\"name\":\"Ottawa Naturists \\\/ Naturistes de l'Outaouais\",\"description\":\"Barely enjoying our 33rd year\",\"publisher\":{\"@id\":\"https:\\\/\\\/www.onno.ca\\\/wp\\\/#organization\"},\"potentialAction\":[{\"@type\":\"SearchAction\",\"target\":{\"@type\":\"EntryPoint\",\"urlTemplate\":\"https:\\\/\\\/www.onno.ca\\\/wp\\\/?s={search_term_string}\"},\"query-input\":{\"@type\":\"PropertyValueSpecification\",\"valueRequired\":true,\"valueName\":\"search_term_string\"}}],\"inLanguage\":\"en-CA\"},{\"@type\":\"Organization\",\"@id\":\"https:\\\/\\\/www.onno.ca\\\/wp\\\/#organization\",\"name\":\"Ottawa Naturists \\\/ Naturistes de l'Outaouais\",\"url\":\"https:\\\/\\\/www.onno.ca\\\/wp\\\/\",\"logo\":{\"@type\":\"ImageObject\",\"inLanguage\":\"en-CA\",\"@id\":\"https:\\\/\\\/www.onno.ca\\\/wp\\\/#\\\/schema\\\/logo\\\/image\\\/\",\"url\":\"https:\\\/\\\/www.onno.ca\\\/wp\\\/wp-content\\\/uploads\\\/2025\\\/11\\\/website-logo.png\",\"contentUrl\":\"https:\\\/\\\/www.onno.ca\\\/wp\\\/wp-content\\\/uploads\\\/2025\\\/11\\\/website-logo.png\",\"width\":351,\"height\":179,\"caption\":\"Ottawa Naturists \\\/ Naturistes de l'Outaouais\"},\"image\":{\"@id\":\"https:\\\/\\\/www.onno.ca\\\/wp\\\/#\\\/schema\\\/logo\\\/image\\\/\"},\"sameAs\":[\"https:\\\/\\\/www.facebook.com\\\/pg\\\/ONNO613\\\/\",\"https:\\\/\\\/x.com\\\/OttawaNaturists\"]}]}<\/script>\n<!-- \/ Yoast SEO plugin. -->","yoast_head_json":{"title":"Politique d'ON\/NO sur la protection des renseignements personnels - Ottawa Naturists \/ Naturistes de l&#039;Outaouais","robots":{"index":"index","follow":"follow","max-snippet":"max-snippet:-1","max-image-preview":"max-image-preview:large","max-video-preview":"max-video-preview:-1"},"canonical":"https:\/\/www.onno.ca\/wp\/fr\/adhesion\/politique-don-no-sur-la-protection-des-renseignements-personnels\/","og_locale":"en_US","og_type":"article","og_title":"Politique d'ON\/NO sur la protection des renseignements personnels - Ottawa Naturists \/ Naturistes de l&#039;Outaouais","og_description":"Politique d&#8217;ON\/NO sur la protection des renseignements personnels Introduction En tant qu&#8217;entit\u00e9 sans but lucratif, ON\/NO n&#8217;est pas soumise \u00e0 la Loi sur la protection des renseignements personnels et les documents \u00e9lectroniques (LPRPDE). Cependant, nous prenons au s\u00e9rieux la protection de la vie priv\u00e9e de nos membres et dans le but de prot\u00e9ger la vie [&hellip;]","og_url":"https:\/\/www.onno.ca\/wp\/fr\/adhesion\/politique-don-no-sur-la-protection-des-renseignements-personnels\/","og_site_name":"Ottawa Naturists \/ Naturistes de l&#039;Outaouais","article_publisher":"https:\/\/www.facebook.com\/pg\/ONNO613\/","article_modified_time":"2021-05-31T01:07:36+00:00","twitter_card":"summary_large_image","twitter_site":"@OttawaNaturists","twitter_misc":{"Est. reading time":"3 minutes"},"schema":{"@context":"https:\/\/schema.org","@graph":[{"@type":"WebPage","@id":"https:\/\/www.onno.ca\/wp\/fr\/adhesion\/politique-don-no-sur-la-protection-des-renseignements-personnels\/","url":"https:\/\/www.onno.ca\/wp\/fr\/adhesion\/politique-don-no-sur-la-protection-des-renseignements-personnels\/","name":"Politique d'ON\/NO sur la protection des renseignements personnels - Ottawa Naturists \/ Naturistes de l&#039;Outaouais","isPartOf":{"@id":"https:\/\/www.onno.ca\/wp\/#website"},"datePublished":"2018-04-13T01:32:44+00:00","dateModified":"2021-05-31T01:07:36+00:00","breadcrumb":{"@id":"https:\/\/www.onno.ca\/wp\/fr\/adhesion\/politique-don-no-sur-la-protection-des-renseignements-personnels\/#breadcrumb"},"inLanguage":"en-CA","potentialAction":[{"@type":"ReadAction","target":["https:\/\/www.onno.ca\/wp\/fr\/adhesion\/politique-don-no-sur-la-protection-des-renseignements-personnels\/"]}]},{"@type":"BreadcrumbList","@id":"https:\/\/www.onno.ca\/wp\/fr\/adhesion\/politique-don-no-sur-la-protection-des-renseignements-personnels\/#breadcrumb","itemListElement":[{"@type":"ListItem","position":1,"name":"Home","item":"https:\/\/www.onno.ca\/wp\/"},{"@type":"ListItem","position":2,"name":"Adh\u00e9sion","item":"https:\/\/www.onno.ca\/wp\/fr\/adhesion\/"},{"@type":"ListItem","position":3,"name":"Politique d&#8217;ON\/NO sur la protection des renseignements personnels"}]},{"@type":"WebSite","@id":"https:\/\/www.onno.ca\/wp\/#website","url":"https:\/\/www.onno.ca\/wp\/","name":"Ottawa Naturists \/ Naturistes de l'Outaouais","description":"Barely enjoying our 33rd year","publisher":{"@id":"https:\/\/www.onno.ca\/wp\/#organization"},"potentialAction":[{"@type":"SearchAction","target":{"@type":"EntryPoint","urlTemplate":"https:\/\/www.onno.ca\/wp\/?s={search_term_string}"},"query-input":{"@type":"PropertyValueSpecification","valueRequired":true,"valueName":"search_term_string"}}],"inLanguage":"en-CA"},{"@type":"Organization","@id":"https:\/\/www.onno.ca\/wp\/#organization","name":"Ottawa Naturists \/ Naturistes de l'Outaouais","url":"https:\/\/www.onno.ca\/wp\/","logo":{"@type":"ImageObject","inLanguage":"en-CA","@id":"https:\/\/www.onno.ca\/wp\/#\/schema\/logo\/image\/","url":"https:\/\/www.onno.ca\/wp\/wp-content\/uploads\/2025\/11\/website-logo.png","contentUrl":"https:\/\/www.onno.ca\/wp\/wp-content\/uploads\/2025\/11\/website-logo.png","width":351,"height":179,"caption":"Ottawa Naturists \/ Naturistes de l'Outaouais"},"image":{"@id":"https:\/\/www.onno.ca\/wp\/#\/schema\/logo\/image\/"},"sameAs":["https:\/\/www.facebook.com\/pg\/ONNO613\/","https:\/\/x.com\/OttawaNaturists"]}]}},"_links":{"self":[{"href":"https:\/\/www.onno.ca\/wp\/wp-json\/wp\/v2\/pages\/1355","targetHints":{"allow":["GET"]}}],"collection":[{"href":"https:\/\/www.onno.ca\/wp\/wp-json\/wp\/v2\/pages"}],"about":[{"href":"https:\/\/www.onno.ca\/wp\/wp-json\/wp\/v2\/types\/page"}],"author":[{"embeddable":true,"href":"https:\/\/www.onno.ca\/wp\/wp-json\/wp\/v2\/users\/1"}],"replies":[{"embeddable":true,"href":"https:\/\/www.onno.ca\/wp\/wp-json\/wp\/v2\/comments?post=1355"}],"version-history":[{"count":0,"href":"https:\/\/www.onno.ca\/wp\/wp-json\/wp\/v2\/pages\/1355\/revisions"}],"up":[{"embeddable":true,"href":"https:\/\/www.onno.ca\/wp\/wp-json\/wp\/v2\/pages\/81"}],"wp:attachment":[{"href":"https:\/\/www.onno.ca\/wp\/wp-json\/wp\/v2\/media?parent=1355"}],"curies":[{"name":"wp","href":"https:\/\/api.w.org\/{rel}","templated":true}]}}